{"id":4353,"date":"2025-04-24T12:26:49","date_gmt":"2025-04-24T19:26:49","guid":{"rendered":"https:\/\/www.glassmountains.us\/wp2\/?page_id=4353"},"modified":"2025-04-24T12:40:29","modified_gmt":"2025-04-24T19:40:29","slug":"other-peaks-in-the-americas","status":"publish","type":"page","link":"https:\/\/www.glassmountains.net\/wp2\/other-peaks-in-the-americas\/","title":{"rendered":"Other Peaks in the Americas"},"content":{"rendered":"\n<p>Photos from my explorations of the mountains elsewhere in the Americas:<\/p>\n\n\n<style type=\"text\/css\">\n#foogallery-gallery-4352 .fg-image { width: 150px; }\n#foogallery-gallery-4352 { --fg-gutter: 10px; }<\/style>\n\t\t\t<div class=\"foogallery foogallery-container foogallery-default foogallery-lightbox-foogallery fg-center fg-default fg-ready fg-light fg-border-thin fg-shadow-outline fg-loading-default fg-loaded-fade-in fg-caption-hover fg-hover-fade\" id=\"foogallery-gallery-4352\" data-foogallery=\"{&quot;item&quot;:{&quot;showCaptionTitle&quot;:true,&quot;showCaptionDescription&quot;:true},&quot;lazy&quot;:true,&quot;filtering&quot;:{&quot;type&quot;:&quot;tags&quot;,&quot;search&quot;:true,&quot;searchPosition&quot;:&quot;above-center&quot;},&quot;state&quot;:{&quot;enabled&quot;:true,&quot;mask&quot;:&quot;foogallery-{id}&quot;}}\" data-foogallery-lightbox=\"{&quot;thumbs&quot;:&quot;bottom&quot;,&quot;thumbsCaptions&quot;:false,&quot;thumbsBestFit&quot;:false,&quot;thumbsSmall&quot;:false,&quot;thumbsCaptionsAlign&quot;:&quot;default&quot;,&quot;info&quot;:&quot;bottom&quot;,&quot;infoVisible&quot;:true,&quot;infoOverlay&quot;:true,&quot;infoAlign&quot;:&quot;default&quot;,&quot;transition&quot;:&quot;fade&quot;,&quot;hoverButtons&quot;:false,&quot;fitMedia&quot;:false,&quot;noScrollbars&quot;:true,&quot;preserveButtonSpace&quot;:true,&quot;buttons&quot;:{&quot;fullscreen&quot;:true,&quot;info&quot;:true,&quot;thumbs&quot;:false},&quot;video&quot;:{&quot;autoPlay&quot;:true}}\" style=\"--fg-title-line-clamp: 0; --fg-description-line-clamp: 0;\" >\n\t<div class=\"fg-item fg-type-image fg-idle\"><figure class=\"fg-item-inner\"><a href=\"https:\/\/www.glassmountains.net\/wp2\/wp-content\/uploads\/2025\/04\/iztaccihuatl.jpg\" data-caption-title=\"Volc\u00e1n Iztacc\u00edhuatl from the south\" data-caption-desc=\"Volc\u00e1n Iztacc\u00edhuatl from the south, Parque Nacional Iztacc\u00edhuatl-Popocat\u00e9petl, Mexico (1990-01-10)\" data-attachment-id=\"4328\" data-type=\"image\" class=\"fg-thumb\"><span class=\"fg-image-wrap\"><img decoding=\"async\" title=\"Volc\u00e1n Iztacc\u00edhuatl from the south\" width=\"150\" height=\"150\" class=\"skip-lazy fg-image\" data-src-fg=\"https:\/\/www.glassmountains.net\/wp2\/wp-content\/uploads\/cache\/2025\/04\/iztaccihuatl\/2977561855.jpg\" src=\"data:image\/svg+xml,%3Csvg%20xmlns%3D%22http%3A%2F%2Fwww.w3.org%2F2000%2Fsvg%22%20width%3D%22150%22%20height%3D%22150%22%20viewBox%3D%220%200%20150%20150%22%3E%3C%2Fsvg%3E\" loading=\"eager\"><\/span><span class=\"fg-image-overlay\"><\/span><\/a><figcaption class=\"fg-caption\"><div class=\"fg-caption-inner\"><div class=\"fg-caption-title\">Volc\u00e1n Iztacc\u00edhuatl from the south<\/div><div class=\"fg-caption-desc\">Volc\u00e1n Iztacc\u00edhuatl from the south, Parque Nacional Iztacc\u00edhuatl-Popocat\u00e9petl, Mexico (1990-01-10)<\/div><\/div><\/figcaption><\/figure><div class=\"fg-loader\"><\/div><\/div><div class=\"fg-item fg-type-image fg-idle\"><figure class=\"fg-item-inner\"><a href=\"https:\/\/www.glassmountains.net\/wp2\/wp-content\/uploads\/2025\/04\/cotopaxi4.jpg\" data-caption-title=\"Last steep climb to the summit, Volc\u00e1n Cotopaxi\" data-caption-desc=\"Last steep climb to the summit, Volc\u00e1n Cotopaxi, Parque Nacional Cotopaxi, Cordillera Real, Ecuador (1992-01-02)\" data-attachment-id=\"4364\" data-type=\"image\" class=\"fg-thumb\"><span class=\"fg-image-wrap\"><img decoding=\"async\" title=\"Last steep climb to the summit, Volc\u00e1n Cotopaxi\" width=\"150\" height=\"150\" class=\"skip-lazy fg-image\" data-src-fg=\"https:\/\/www.glassmountains.net\/wp2\/wp-content\/uploads\/cache\/2025\/04\/cotopaxi4\/4243782447.jpg\" src=\"data:image\/svg+xml,%3Csvg%20xmlns%3D%22http%3A%2F%2Fwww.w3.org%2F2000%2Fsvg%22%20width%3D%22150%22%20height%3D%22150%22%20viewBox%3D%220%200%20150%20150%22%3E%3C%2Fsvg%3E\" loading=\"eager\"><\/span><span class=\"fg-image-overlay\"><\/span><\/a><figcaption class=\"fg-caption\"><div class=\"fg-caption-inner\"><div class=\"fg-caption-title\">Last steep climb to the summit, Volc\u00e1n Cotopaxi<\/div><div class=\"fg-caption-desc\">Last steep climb to the summit, Volc\u00e1n Cotopaxi, Parque Nacional Cotopaxi, Cordillera Real, Ecuador (1992-01-02)<\/div><\/div><\/figcaption><\/figure><div class=\"fg-loader\"><\/div><\/div><div class=\"fg-item fg-type-image fg-idle\"><figure class=\"fg-item-inner\"><a href=\"https:\/\/www.glassmountains.net\/wp2\/wp-content\/uploads\/2025\/04\/orizaba2.jpg\" data-caption-title=\"Jamapa Glacier, Pico de Orizaba\" data-caption-desc=\"Jamapa Glacier, Pico de Orizaba, Parque Nacional del Pico de Orizaba, Mexico (1990-01-18)\" data-attachment-id=\"4334\" data-type=\"image\" class=\"fg-thumb\"><span class=\"fg-image-wrap\"><img decoding=\"async\" title=\"Jamapa Glacier, Pico de Orizaba\" width=\"150\" height=\"150\" class=\"skip-lazy fg-image\" data-src-fg=\"https:\/\/www.glassmountains.net\/wp2\/wp-content\/uploads\/cache\/2025\/04\/orizaba2\/1613911607.jpg\" src=\"data:image\/svg+xml,%3Csvg%20xmlns%3D%22http%3A%2F%2Fwww.w3.org%2F2000%2Fsvg%22%20width%3D%22150%22%20height%3D%22150%22%20viewBox%3D%220%200%20150%20150%22%3E%3C%2Fsvg%3E\" loading=\"eager\"><\/span><span class=\"fg-image-overlay\"><\/span><\/a><figcaption class=\"fg-caption\"><div class=\"fg-caption-inner\"><div class=\"fg-caption-title\">Jamapa Glacier, Pico de Orizaba<\/div><div class=\"fg-caption-desc\">Jamapa Glacier, Pico de Orizaba, Parque Nacional del Pico de Orizaba, Mexico (1990-01-18)<\/div><\/div><\/figcaption><\/figure><div class=\"fg-loader\"><\/div><\/div><div class=\"fg-item fg-type-image fg-idle\"><figure class=\"fg-item-inner\"><a href=\"https:\/\/www.glassmountains.net\/wp2\/wp-content\/uploads\/2025\/04\/popocrater1.jpg\" data-caption-title=\"Volc\u00e1n Popocat\u00e9petl Crater\" data-caption-desc=\"Volc\u00e1n Popocat\u00e9petl Crater, Parque Nacional Iztacc\u00edhuatl-Popocat\u00e9petl, Mexico (1990-01-11)\" data-attachment-id=\"4330\" data-type=\"image\" class=\"fg-thumb\"><span class=\"fg-image-wrap\"><img decoding=\"async\" title=\"Volc\u00e1n Popocat\u00e9petl Crater\" width=\"150\" height=\"150\" class=\"skip-lazy fg-image\" data-src-fg=\"https:\/\/www.glassmountains.net\/wp2\/wp-content\/uploads\/cache\/2025\/04\/popocrater1\/979282188.jpg\" src=\"data:image\/svg+xml,%3Csvg%20xmlns%3D%22http%3A%2F%2Fwww.w3.org%2F2000%2Fsvg%22%20width%3D%22150%22%20height%3D%22150%22%20viewBox%3D%220%200%20150%20150%22%3E%3C%2Fsvg%3E\" loading=\"eager\"><\/span><span class=\"fg-image-overlay\"><\/span><\/a><figcaption class=\"fg-caption\"><div class=\"fg-caption-inner\"><div class=\"fg-caption-title\">Volc\u00e1n Popocat\u00e9petl Crater<\/div><div class=\"fg-caption-desc\">Volc\u00e1n Popocat\u00e9petl Crater, Parque Nacional Iztacc\u00edhuatl-Popocat\u00e9petl, Mexico (1990-01-11)<\/div><\/div><\/figcaption><\/figure><div class=\"fg-loader\"><\/div><\/div><div class=\"fg-item fg-type-image fg-idle\"><figure class=\"fg-item-inner\"><a href=\"https:\/\/www.glassmountains.net\/wp2\/wp-content\/uploads\/2025\/04\/popocrater3.jpg\" data-caption-title=\"Volc\u00e1n Popocat\u00e9petl Crater and summit hut\" data-caption-desc=\"Volc\u00e1n Popocat\u00e9petl Crater and summit hut, Parque Nacional Iztacc\u00edhuatl-Popocat\u00e9petl, Mexico (1990-01-11)\" data-attachment-id=\"4332\" data-type=\"image\" class=\"fg-thumb\"><span class=\"fg-image-wrap\"><img decoding=\"async\" title=\"Volc\u00e1n Popocat\u00e9petl Crater and summit hut\" width=\"150\" height=\"150\" class=\"skip-lazy fg-image\" data-src-fg=\"https:\/\/www.glassmountains.net\/wp2\/wp-content\/uploads\/cache\/2025\/04\/popocrater3\/1151673229.jpg\" src=\"data:image\/svg+xml,%3Csvg%20xmlns%3D%22http%3A%2F%2Fwww.w3.org%2F2000%2Fsvg%22%20width%3D%22150%22%20height%3D%22150%22%20viewBox%3D%220%200%20150%20150%22%3E%3C%2Fsvg%3E\" loading=\"eager\"><\/span><span class=\"fg-image-overlay\"><\/span><\/a><figcaption class=\"fg-caption\"><div class=\"fg-caption-inner\"><div class=\"fg-caption-title\">Volc\u00e1n Popocat\u00e9petl Crater and summit hut<\/div><div class=\"fg-caption-desc\">Volc\u00e1n Popocat\u00e9petl Crater and summit hut, Parque Nacional Iztacc\u00edhuatl-Popocat\u00e9petl, Mexico (1990-01-11)<\/div><\/div><\/figcaption><\/figure><div class=\"fg-loader\"><\/div><\/div><div class=\"fg-item fg-type-image fg-idle\"><figure class=\"fg-item-inner\"><a href=\"https:\/\/www.glassmountains.net\/wp2\/wp-content\/uploads\/2025\/04\/orizaba3.jpg\" data-caption-title=\"Pico de Orizaba summit cross\" data-caption-desc=\"Pico de Orizaba summit cross, Parque Nacional del Pico de Orizaba, Mexico (1990-01-18)\" data-attachment-id=\"4335\" data-type=\"image\" class=\"fg-thumb\"><span class=\"fg-image-wrap\"><img decoding=\"async\" title=\"Pico de Orizaba summit cross\" width=\"150\" height=\"150\" class=\"skip-lazy fg-image\" data-src-fg=\"https:\/\/www.glassmountains.net\/wp2\/wp-content\/uploads\/cache\/2025\/04\/orizaba3\/1543635461.jpg\" src=\"data:image\/svg+xml,%3Csvg%20xmlns%3D%22http%3A%2F%2Fwww.w3.org%2F2000%2Fsvg%22%20width%3D%22150%22%20height%3D%22150%22%20viewBox%3D%220%200%20150%20150%22%3E%3C%2Fsvg%3E\" loading=\"eager\"><\/span><span class=\"fg-image-overlay\"><\/span><\/a><figcaption class=\"fg-caption\"><div class=\"fg-caption-inner\"><div class=\"fg-caption-title\">Pico de Orizaba summit cross<\/div><div class=\"fg-caption-desc\">Pico de Orizaba summit cross, Parque Nacional del Pico de Orizaba, Mexico (1990-01-18)<\/div><\/div><\/figcaption><\/figure><div class=\"fg-loader\"><\/div><\/div><div class=\"fg-item fg-type-image fg-idle\"><figure class=\"fg-item-inner\"><a href=\"https:\/\/www.glassmountains.net\/wp2\/wp-content\/uploads\/2025\/04\/popocateptl.jpg\" data-caption-title=\"Volc\u00e1n Popocat\u00e9petl from the north\" data-caption-desc=\"Volc\u00e1n Popocat\u00e9petl from the north, Parque Nacional Iztacc\u00edhuatl-Popocat\u00e9petl, Mexico (1990-01-10)\" data-attachment-id=\"4329\" data-type=\"image\" class=\"fg-thumb\"><span class=\"fg-image-wrap\"><img decoding=\"async\" title=\"Volc\u00e1n Popocat\u00e9petl from the north\" width=\"150\" height=\"150\" class=\"skip-lazy fg-image\" data-src-fg=\"https:\/\/www.glassmountains.net\/wp2\/wp-content\/uploads\/cache\/2025\/04\/popocateptl\/65074845.jpg\" src=\"data:image\/svg+xml,%3Csvg%20xmlns%3D%22http%3A%2F%2Fwww.w3.org%2F2000%2Fsvg%22%20width%3D%22150%22%20height%3D%22150%22%20viewBox%3D%220%200%20150%20150%22%3E%3C%2Fsvg%3E\" loading=\"eager\"><\/span><span class=\"fg-image-overlay\"><\/span><\/a><figcaption class=\"fg-caption\"><div class=\"fg-caption-inner\"><div class=\"fg-caption-title\">Volc\u00e1n Popocat\u00e9petl from the north<\/div><div class=\"fg-caption-desc\">Volc\u00e1n Popocat\u00e9petl from the north, Parque Nacional Iztacc\u00edhuatl-Popocat\u00e9petl, Mexico (1990-01-10)<\/div><\/div><\/figcaption><\/figure><div class=\"fg-loader\"><\/div><\/div><div class=\"fg-item fg-type-image fg-idle\"><figure class=\"fg-item-inner\"><a href=\"https:\/\/www.glassmountains.net\/wp2\/wp-content\/uploads\/2025\/04\/chimborazo1.jpg\" data-caption-title=\"Volc\u00e1n Chimborazo from Refugio Carrel (lower hut)\" data-caption-desc=\"Volc\u00e1n Chimborazo from Refugio Carrel, Reserva de fauna Chimborazo, Cordillera Occidental, Ecuador (1992-01-04)\" data-attachment-id=\"4359\" data-type=\"image\" class=\"fg-thumb\"><span class=\"fg-image-wrap\"><img decoding=\"async\" title=\"Volc\u00e1n Chimborazo from Refugio Carrel (lower hut)\" width=\"150\" height=\"150\" class=\"skip-lazy fg-image\" data-src-fg=\"https:\/\/www.glassmountains.net\/wp2\/wp-content\/uploads\/cache\/2025\/04\/chimborazo1\/3861318777.jpg\" src=\"data:image\/svg+xml,%3Csvg%20xmlns%3D%22http%3A%2F%2Fwww.w3.org%2F2000%2Fsvg%22%20width%3D%22150%22%20height%3D%22150%22%20viewBox%3D%220%200%20150%20150%22%3E%3C%2Fsvg%3E\" loading=\"eager\"><\/span><span class=\"fg-image-overlay\"><\/span><\/a><figcaption class=\"fg-caption\"><div class=\"fg-caption-inner\"><div class=\"fg-caption-title\">Volc\u00e1n Chimborazo from Refugio Carrel (lower hut)<\/div><div class=\"fg-caption-desc\">Volc\u00e1n Chimborazo from Refugio Carrel, Reserva de fauna Chimborazo, Cordillera Occidental, Ecuador (1992-01-04)<\/div><\/div><\/figcaption><\/figure><div class=\"fg-loader\"><\/div><\/div><div class=\"fg-item fg-type-image fg-idle\"><figure class=\"fg-item-inner\"><a href=\"https:\/\/www.glassmountains.net\/wp2\/wp-content\/uploads\/2025\/04\/cotopaxi6.jpg\" data-caption-title=\"Paul on Volc\u00e1n Cotopaxi with Volc\u00e1n Chimborazo beyond\" data-caption-desc=\"Paul on Volc\u00e1n Cotopaxi with Volc\u00e1n Chimborazo beyond, Parque Nacional Cotopaxi, Cordillera Real, Ecuador (1992-01-02)\" data-attachment-id=\"4366\" data-type=\"image\" class=\"fg-thumb\"><span class=\"fg-image-wrap\"><img decoding=\"async\" title=\"Paul on Volc\u00e1n Cotopaxi with Volc\u00e1n Chimborazo beyond\" width=\"150\" height=\"150\" class=\"skip-lazy fg-image\" data-src-fg=\"https:\/\/www.glassmountains.net\/wp2\/wp-content\/uploads\/cache\/2025\/04\/cotopaxi6\/3666219325.jpg\" src=\"data:image\/svg+xml,%3Csvg%20xmlns%3D%22http%3A%2F%2Fwww.w3.org%2F2000%2Fsvg%22%20width%3D%22150%22%20height%3D%22150%22%20viewBox%3D%220%200%20150%20150%22%3E%3C%2Fsvg%3E\" loading=\"eager\"><\/span><span class=\"fg-image-overlay\"><\/span><\/a><figcaption class=\"fg-caption\"><div class=\"fg-caption-inner\"><div class=\"fg-caption-title\">Paul on Volc\u00e1n Cotopaxi with Volc\u00e1n Chimborazo beyond<\/div><div class=\"fg-caption-desc\">Paul on Volc\u00e1n Cotopaxi with Volc\u00e1n Chimborazo beyond, Parque Nacional Cotopaxi, Cordillera Real, Ecuador (1992-01-02)<\/div><\/div><\/figcaption><\/figure><div class=\"fg-loader\"><\/div><\/div><div class=\"fg-item fg-type-image fg-idle\"><figure class=\"fg-item-inner\"><a href=\"https:\/\/www.glassmountains.net\/wp2\/wp-content\/uploads\/2025\/04\/orizaba4.jpg\" data-caption-title=\"Pico de Orizaba crater from summit\" data-caption-desc=\"Pico de Orizaba crater from summit, Parque Nacional del Pico de Orizaba, Mexico (1990-01-18)\" data-attachment-id=\"4336\" data-type=\"image\" class=\"fg-thumb\"><span class=\"fg-image-wrap\"><img decoding=\"async\" title=\"Pico de Orizaba crater from summit\" width=\"150\" height=\"150\" class=\"skip-lazy fg-image\" data-src-fg=\"https:\/\/www.glassmountains.net\/wp2\/wp-content\/uploads\/cache\/2025\/04\/orizaba4\/2618880169.jpg\" src=\"data:image\/svg+xml,%3Csvg%20xmlns%3D%22http%3A%2F%2Fwww.w3.org%2F2000%2Fsvg%22%20width%3D%22150%22%20height%3D%22150%22%20viewBox%3D%220%200%20150%20150%22%3E%3C%2Fsvg%3E\" loading=\"eager\"><\/span><span class=\"fg-image-overlay\"><\/span><\/a><figcaption class=\"fg-caption\"><div class=\"fg-caption-inner\"><div class=\"fg-caption-title\">Pico de Orizaba crater from summit<\/div><div class=\"fg-caption-desc\">Pico de Orizaba crater from summit, Parque Nacional del Pico de Orizaba, Mexico (1990-01-18)<\/div><\/div><\/figcaption><\/figure><div class=\"fg-loader\"><\/div><\/div><div class=\"fg-item fg-type-image fg-idle\"><figure class=\"fg-item-inner\"><a href=\"https:\/\/www.glassmountains.net\/wp2\/wp-content\/uploads\/2025\/04\/chimborazo2.jpg\" data-caption-title=\"Volc\u00e1n Chimborazo after storm from Refugio Edward Whymper\" data-caption-desc=\"Volc\u00e1n Chimborazo after storm from Refugio Edward Whymper, Reserva de fauna Chimborazo, Cordillera Occidental, Ecuador (1992-01-07)\" data-attachment-id=\"4360\" data-type=\"image\" class=\"fg-thumb\"><span class=\"fg-image-wrap\"><img decoding=\"async\" title=\"Volc\u00e1n Chimborazo after storm from Refugio Edward Whymper\" width=\"150\" height=\"150\" class=\"skip-lazy fg-image\" data-src-fg=\"https:\/\/www.glassmountains.net\/wp2\/wp-content\/uploads\/cache\/2025\/04\/chimborazo2\/1804708467.jpg\" src=\"data:image\/svg+xml,%3Csvg%20xmlns%3D%22http%3A%2F%2Fwww.w3.org%2F2000%2Fsvg%22%20width%3D%22150%22%20height%3D%22150%22%20viewBox%3D%220%200%20150%20150%22%3E%3C%2Fsvg%3E\" loading=\"eager\"><\/span><span class=\"fg-image-overlay\"><\/span><\/a><figcaption class=\"fg-caption\"><div class=\"fg-caption-inner\"><div class=\"fg-caption-title\">Volc\u00e1n Chimborazo after storm from Refugio Edward Whymper<\/div><div class=\"fg-caption-desc\">Volc\u00e1n Chimborazo after storm from Refugio Edward Whymper, Reserva de fauna Chimborazo, Cordillera Occidental, Ecuador (1992-01-07)<\/div><\/div><\/figcaption><\/figure><div class=\"fg-loader\"><\/div><\/div><div class=\"fg-item fg-type-image fg-idle\"><figure class=\"fg-item-inner\"><a href=\"https:\/\/www.glassmountains.net\/wp2\/wp-content\/uploads\/2025\/04\/bugaboosp.jpg\" data-caption-title=\"Bugaboo Spire, Bugaboo Provincial Park\" data-caption-desc=\"Bugaboo Spire, Bugaboo Provincial Park, Purcell Mountains, British Columbia (1989-08-23)\" data-attachment-id=\"4327\" data-type=\"image\" class=\"fg-thumb\"><span class=\"fg-image-wrap\"><img decoding=\"async\" title=\"Bugaboo Spire, Bugaboo Provincial Park\" width=\"150\" height=\"150\" class=\"skip-lazy fg-image\" data-src-fg=\"https:\/\/www.glassmountains.net\/wp2\/wp-content\/uploads\/cache\/2025\/04\/bugaboosp\/2831064861.jpg\" src=\"data:image\/svg+xml,%3Csvg%20xmlns%3D%22http%3A%2F%2Fwww.w3.org%2F2000%2Fsvg%22%20width%3D%22150%22%20height%3D%22150%22%20viewBox%3D%220%200%20150%20150%22%3E%3C%2Fsvg%3E\" loading=\"eager\"><\/span><span class=\"fg-image-overlay\"><\/span><\/a><figcaption class=\"fg-caption\"><div class=\"fg-caption-inner\"><div class=\"fg-caption-title\">Bugaboo Spire, Bugaboo Provincial Park<\/div><div class=\"fg-caption-desc\">Bugaboo Spire, Bugaboo Provincial Park, Purcell Mountains, British Columbia (1989-08-23)<\/div><\/div><\/figcaption><\/figure><div class=\"fg-loader\"><\/div><\/div><div class=\"fg-item fg-type-image fg-idle\"><figure class=\"fg-item-inner\"><a href=\"https:\/\/www.glassmountains.net\/wp2\/wp-content\/uploads\/2025\/04\/popocrater2.jpg\" data-caption-desc=\"Volc\u00e1n Popocat\u00e9petl Crater, Parque Nacional Iztacc\u00edhuatl-Popocat\u00e9petl, Mexico (1990-01-11)\" data-caption-title=\"popocrater2\" data-attachment-id=\"4331\" data-type=\"image\" class=\"fg-thumb\"><span class=\"fg-image-wrap\"><img decoding=\"async\" width=\"150\" height=\"150\" class=\"skip-lazy fg-image\" data-src-fg=\"https:\/\/www.glassmountains.net\/wp2\/wp-content\/uploads\/cache\/2025\/04\/popocrater2\/2864637969.jpg\" src=\"data:image\/svg+xml,%3Csvg%20xmlns%3D%22http%3A%2F%2Fwww.w3.org%2F2000%2Fsvg%22%20width%3D%22150%22%20height%3D%22150%22%20viewBox%3D%220%200%20150%20150%22%3E%3C%2Fsvg%3E\" loading=\"eager\"><\/span><span class=\"fg-image-overlay\"><\/span><\/a><figcaption class=\"fg-caption\"><div class=\"fg-caption-inner\"><div class=\"fg-caption-title\">popocrater2<\/div><div class=\"fg-caption-desc\">Volc\u00e1n Popocat\u00e9petl Crater, Parque Nacional Iztacc\u00edhuatl-Popocat\u00e9petl, Mexico (1990-01-11)<\/div><\/div><\/figcaption><\/figure><div class=\"fg-loader\"><\/div><\/div><div class=\"fg-item fg-type-image fg-idle\"><figure class=\"fg-item-inner\"><a href=\"https:\/\/www.glassmountains.net\/wp2\/wp-content\/uploads\/2025\/04\/cotopaxi1.jpg\" data-caption-title=\"Volc\u00e1n Cotopaxi from the North\" data-caption-desc=\"Volc\u00e1n Cotopaxi from the North, Parque Nacional Cotopaxi, Cordillera Real, Ecuador (1991-12-31)\" data-attachment-id=\"4361\" data-type=\"image\" class=\"fg-thumb\"><span class=\"fg-image-wrap\"><img decoding=\"async\" title=\"Volc\u00e1n Cotopaxi from the North\" width=\"150\" height=\"150\" class=\"skip-lazy fg-image\" data-src-fg=\"https:\/\/www.glassmountains.net\/wp2\/wp-content\/uploads\/cache\/2025\/04\/cotopaxi1\/2736871938.jpg\" src=\"data:image\/svg+xml,%3Csvg%20xmlns%3D%22http%3A%2F%2Fwww.w3.org%2F2000%2Fsvg%22%20width%3D%22150%22%20height%3D%22150%22%20viewBox%3D%220%200%20150%20150%22%3E%3C%2Fsvg%3E\" loading=\"eager\"><\/span><span class=\"fg-image-overlay\"><\/span><\/a><figcaption class=\"fg-caption\"><div class=\"fg-caption-inner\"><div class=\"fg-caption-title\">Volc\u00e1n Cotopaxi from the North<\/div><div class=\"fg-caption-desc\">Volc\u00e1n Cotopaxi from the North, Parque Nacional Cotopaxi, Cordillera Real, Ecuador (1991-12-31)<\/div><\/div><\/figcaption><\/figure><div class=\"fg-loader\"><\/div><\/div><div class=\"fg-item fg-type-image fg-idle\"><figure class=\"fg-item-inner\"><a href=\"https:\/\/www.glassmountains.net\/wp2\/wp-content\/uploads\/2025\/04\/cotopaxi5.jpg\" data-caption-title=\"Volc\u00e1n Cotopaxi Crater\" data-caption-desc=\"Volc\u00e1n Cotopaxi Crater, Parque Nacional Cotopaxi, Cordillera Real, Ecuador (1992-01-02)\" data-attachment-id=\"4365\" data-type=\"image\" class=\"fg-thumb\"><span class=\"fg-image-wrap\"><img decoding=\"async\" title=\"Volc\u00e1n Cotopaxi Crater\" width=\"150\" height=\"150\" class=\"skip-lazy fg-image\" data-src-fg=\"https:\/\/www.glassmountains.net\/wp2\/wp-content\/uploads\/cache\/2025\/04\/cotopaxi5\/4022898214.jpg\" src=\"data:image\/svg+xml,%3Csvg%20xmlns%3D%22http%3A%2F%2Fwww.w3.org%2F2000%2Fsvg%22%20width%3D%22150%22%20height%3D%22150%22%20viewBox%3D%220%200%20150%20150%22%3E%3C%2Fsvg%3E\" loading=\"eager\"><\/span><span class=\"fg-image-overlay\"><\/span><\/a><figcaption class=\"fg-caption\"><div class=\"fg-caption-inner\"><div class=\"fg-caption-title\">Volc\u00e1n Cotopaxi Crater<\/div><div class=\"fg-caption-desc\">Volc\u00e1n Cotopaxi Crater, Parque Nacional Cotopaxi, Cordillera Real, Ecuador (1992-01-02)<\/div><\/div><\/figcaption><\/figure><div class=\"fg-loader\"><\/div><\/div><div class=\"fg-item fg-type-image fg-idle\"><figure class=\"fg-item-inner\"><a href=\"https:\/\/www.glassmountains.net\/wp2\/wp-content\/uploads\/2025\/04\/cotopaxi2.jpg\" data-caption-title=\"Volc\u00e1n Cotopaxi from near Refugio Jos\u00e9 F\u00e9lix Ribas\" data-caption-desc=\"Volc\u00e1n Cotopaxi from near Refugio Jos\u00e9 F\u00e9lix Ribas, Parque Nacional Cotopaxi, \nCordillera Real, Ecuador (1991-12-31)\" data-attachment-id=\"4362\" data-type=\"image\" class=\"fg-thumb\"><span class=\"fg-image-wrap\"><img decoding=\"async\" title=\"Volc\u00e1n Cotopaxi from near Refugio Jos\u00e9 F\u00e9lix Ribas\" width=\"150\" height=\"150\" class=\"skip-lazy fg-image\" data-src-fg=\"https:\/\/www.glassmountains.net\/wp2\/wp-content\/uploads\/cache\/2025\/04\/cotopaxi2\/2523907353.jpg\" src=\"data:image\/svg+xml,%3Csvg%20xmlns%3D%22http%3A%2F%2Fwww.w3.org%2F2000%2Fsvg%22%20width%3D%22150%22%20height%3D%22150%22%20viewBox%3D%220%200%20150%20150%22%3E%3C%2Fsvg%3E\" loading=\"eager\"><\/span><span class=\"fg-image-overlay\"><\/span><\/a><figcaption class=\"fg-caption\"><div class=\"fg-caption-inner\"><div class=\"fg-caption-title\">Volc\u00e1n Cotopaxi from near Refugio Jos\u00e9 F\u00e9lix Ribas<\/div><div class=\"fg-caption-desc\">Volc\u00e1n Cotopaxi from near Refugio Jos\u00e9 F\u00e9lix Ribas, Parque Nacional Cotopaxi, \nCordillera Real, Ecuador (1991-12-31)<\/div><\/div><\/figcaption><\/figure><div class=\"fg-loader\"><\/div><\/div><div class=\"fg-item fg-type-image fg-idle\"><figure class=\"fg-item-inner\"><a href=\"https:\/\/www.glassmountains.net\/wp2\/wp-content\/uploads\/2025\/04\/orizaba1.jpg\" data-caption-title=\"Pico de Orizaba from Piedra Grande Hut\" data-caption-desc=\"Pico de Orizaba from Piedra Grande Hut, Parque Nacional del Pico de Orizaba, Mexico (1990-01-18)\" data-attachment-id=\"4333\" data-type=\"image\" class=\"fg-thumb\"><span class=\"fg-image-wrap\"><img decoding=\"async\" title=\"Pico de Orizaba from Piedra Grande Hut\" width=\"150\" height=\"150\" class=\"skip-lazy fg-image\" data-src-fg=\"https:\/\/www.glassmountains.net\/wp2\/wp-content\/uploads\/cache\/2025\/04\/orizaba1\/1357509715.jpg\" src=\"data:image\/svg+xml,%3Csvg%20xmlns%3D%22http%3A%2F%2Fwww.w3.org%2F2000%2Fsvg%22%20width%3D%22150%22%20height%3D%22150%22%20viewBox%3D%220%200%20150%20150%22%3E%3C%2Fsvg%3E\" loading=\"eager\"><\/span><span class=\"fg-image-overlay\"><\/span><\/a><figcaption class=\"fg-caption\"><div class=\"fg-caption-inner\"><div class=\"fg-caption-title\">Pico de Orizaba from Piedra Grande Hut<\/div><div class=\"fg-caption-desc\">Pico de Orizaba from Piedra Grande Hut, Parque Nacional del Pico de Orizaba, Mexico (1990-01-18)<\/div><\/div><\/figcaption><\/figure><div class=\"fg-loader\"><\/div><\/div><\/div>\n","protected":false},"excerpt":{"rendered":"<p>Photos from my explorations of the mountains elsewhere in the Americas:<\/p>\n","protected":false},"author":37,"featured_media":0,"parent":0,"menu_order":0,"comment_status":"closed","ping_status":"closed","template":"","meta":{"_genesis_hide_title":false,"_genesis_hide_breadcrumbs":false,"_genesis_hide_singular_image":false,"_genesis_hide_footer_widgets":false,"_genesis_custom_body_class":"","_genesis_custom_post_class":"","_genesis_layout":"","footnotes":""},"class_list":{"0":"post-4353","1":"page","2":"type-page","3":"status-publish","5":"entry","6":"override"},"_links":{"self":[{"href":"https:\/\/www.glassmountains.net\/wp2\/wp-json\/wp\/v2\/pages\/4353","targetHints":{"allow":["GET"]}}],"collection":[{"href":"https:\/\/www.glassmountains.net\/wp2\/wp-json\/wp\/v2\/pages"}],"about":[{"href":"https:\/\/www.glassmountains.net\/wp2\/wp-json\/wp\/v2\/types\/page"}],"author":[{"embeddable":true,"href":"https:\/\/www.glassmountains.net\/wp2\/wp-json\/wp\/v2\/users\/37"}],"replies":[{"embeddable":true,"href":"https:\/\/www.glassmountains.net\/wp2\/wp-json\/wp\/v2\/comments?post=4353"}],"version-history":[{"count":3,"href":"https:\/\/www.glassmountains.net\/wp2\/wp-json\/wp\/v2\/pages\/4353\/revisions"}],"predecessor-version":[{"id":4358,"href":"https:\/\/www.glassmountains.net\/wp2\/wp-json\/wp\/v2\/pages\/4353\/revisions\/4358"}],"wp:attachment":[{"href":"https:\/\/www.glassmountains.net\/wp2\/wp-json\/wp\/v2\/media?parent=4353"}],"curies":[{"name":"wp","href":"https:\/\/api.w.org\/{rel}","templated":true}]}}